{"id":3542,"date":"2024-01-24T13:17:34","date_gmt":"2024-01-24T12:17:34","guid":{"rendered":"https:\/\/nextlevel-vloerenshop.nl\/?post_type=product&#038;p=3542"},"modified":"2024-07-08T15:59:48","modified_gmt":"2024-07-08T13:59:48","slug":"james-startersset-harde-vloeren","status":"publish","type":"product","link":"https:\/\/nextlevel-vloerenshop.nl\/en\/james-startersset-harde-vloeren\/","title":{"rendered":"James startersset harde vloeren"},"content":{"rendered":"<p>PRODUCTINFORMATIE JAMES STARTERSET HARDE VLOEREN<\/p>\n<p>GRONDIGE REINIGING, DAGELIJKSE REINIGING EN VLEKVERWIJDERING<\/p>\n<p>Doel<br \/>\n\u2022 Reinigingsset voor alle vochtbestendige harde vloeren<br \/>\n\u2022 Verwijdering van verse en hardnekkige of opgedroogde vlekken<\/p>\n<p>Inhoud<br \/>\n\u2022 James Basisreiniger (100 ml)<br \/>\n\u2022 James Vloerreiniger Schoon &amp; Snel Droog (100 ml)<br \/>\n\u2022 James Remover (100 ml)<br \/>\n\u2022 Katoenen badstof handdoekje<br \/>\n\u2022 Gebruiksaanwijzing \u201cNeem zo je vloer goed in gebruik\u201d<\/p>\n","protected":false},"excerpt":{"rendered":"<h3 class=\"page-title\"><span class=\"base\" data-ui-id=\"page-title-wrapper\">James startersset harde vloeren<\/span><\/h3>\n<p>D\u00e9 totaalset voor je vloer (zoals vinyl, PVC, LVT, laminaat, steen, etc.)<\/p>\n<p>James Starterset Hard Floors: voor het perfect in gebruik nemen van de vloer.<\/p>\n<p>De eerste grondige reiniging, dagelijks onderhoud \u00e9n veilig hardnekkige vlekken (zoals lijmresten, opgedroogde muurverf en schoenstrepen) verwijderen, in \u00e9\u00e9n set.<\/p>\n<p>Voor alle vochtbestendige, harde vloeren zoals vinyl, PVC, LVT, laminaat, linoleum, keramische tegels, epoxyvloeren, rubber, natuur- en kunststeenvloeren.<\/p>\n<p>De James Starterset Harde vloeren is perfect voor ingebruikname van een nieuwe vloer, of bij de overstap van onderhoud van een bestaande vloer naar James producten.<\/p>\n<p>Ideaal voor vloeren zoals vinyl, PVC, LVT, laminaat, linoleum, marmoleum, rubber, keramische tegel, natuursteen en kunststeen.<\/p>\n<p>Ecologisch verantwoord met een A.I.S.E. certificering.<\/p>\n<p>Te combineren met James Zijdemat of James Extra Mat voor extra bescherming en herstel van de vloer.<\/p>\n<p><span class=\"base\" data-ui-id=\"page-title-wrapper\">James startersset harde vloeren<\/span>, voor als schoonmaken een feestje moet zijn.<\/p>\n<div class=\"additional-attributes-wrapper table-wrapper\"><\/div>\n","protected":false},"featured_media":9405,"comment_status":"open","ping_status":"closed","template":"","meta":{"_acf_changed":false},"product_cat":[101],"product_tag":[],"class_list":{"0":"post-3542","1":"product","2":"type-product","3":"status-publish","4":"has-post-thumbnail","6":"product_cat-gietvloer-pvc-reiniging-en-onderhoud","7":"product_shipping_class-klein-pakket","9":"first","10":"instock","11":"taxable","12":"shipping-taxable","13":"purchasable","14":"product-type-simple"},"acf":[],"_links":{"self":[{"href":"https:\/\/nextlevel-vloerenshop.nl\/en\/wp-json\/wp\/v2\/product\/3542"}],"collection":[{"href":"https:\/\/nextlevel-vloerenshop.nl\/en\/wp-json\/wp\/v2\/product"}],"about":[{"href":"https:\/\/nextlevel-vloerenshop.nl\/en\/wp-json\/wp\/v2\/types\/product"}],"replies":[{"embeddable":true,"href":"https:\/\/nextlevel-vloerenshop.nl\/en\/wp-json\/wp\/v2\/comments?post=3542"}],"wp:featuredmedia":[{"embeddable":true,"href":"https:\/\/nextlevel-vloerenshop.nl\/en\/wp-json\/wp\/v2\/media\/9405"}],"wp:attachment":[{"href":"https:\/\/nextlevel-vloerenshop.nl\/en\/wp-json\/wp\/v2\/media?parent=3542"}],"wp:term":[{"taxonomy":"product_cat","embeddable":true,"href":"https:\/\/nextlevel-vloerenshop.nl\/en\/wp-json\/wp\/v2\/product_cat?post=3542"},{"taxonomy":"product_tag","embeddable":true,"href":"https:\/\/nextlevel-vloerenshop.nl\/en\/wp-json\/wp\/v2\/product_tag?post=3542"}],"curies":[{"name":"wp","href":"https:\/\/api.w.org\/{rel}","templated":true}]}}