{"id":3472,"date":"2024-01-24T13:17:00","date_gmt":"2024-01-24T12:17:00","guid":{"rendered":"https:\/\/nextlevel-vloerenshop.nl\/?post_type=product&#038;p=3472"},"modified":"2024-08-12T08:24:22","modified_gmt":"2024-08-12T06:24:22","slug":"douwes-dekker-07801-pvc-dryback-riante-plank-creme-brulee","status":"publish","type":"product","link":"https:\/\/nextlevel-vloerenshop.nl\/en\/douwes-dekker-07801-pvc-dryback-riante-plank-creme-brulee\/","title":{"rendered":"Douwes Dekker 07801 PVC dryback Riante plank cr\u00e8me br\u00fbl\u00e9e"},"content":{"rendered":"<h3>Douwes Dekker 07801 PVC dryback Riante plank cr\u00e8me br\u00fbl\u00e9e<\/h3>\n<div class=\"product attribute description\">\n<div class=\"value\">\n<p>Alle vloeren uit de Douwes Dekker Ambitieus-collectie zijn dankzij de stabiele, watervaste constructie met 0,55 mm slijtlaag \u2018zorgeloze\u2019 onderhoudsvriendelijke vloeren met het grootste gebruiksgemak.<\/p>\n<p>De Douwes Dekker 07801 PVC dryback Riante plank cr\u00e8me br\u00fbl\u00e9e is slijtvast en uitermate geschikt voor vloerverwarming.<\/p>\n<p>De\u00a0<strong><a href=\"https:\/\/www.plintenenprofielencentrale.nl\/vloeren\/merk\/douwes-dekker.html?ondervloerlegwijze=1319&amp;serie=1616&amp;soort=1762\" target=\"_blank\" rel=\"noopener\">klik-vloeren<\/a><\/strong>\u00a0hebben een ge\u00efntegreerde ondervloer en zijn dankzij het eenvoudige fold-down legsysteem gemakkelijk te installeren.<\/p>\n<p>Verder zijn alle vloeren ook als\u00a0<strong><a href=\"https:\/\/www.plintenenprofielencentrale.nl\/vloeren\/merk\/douwes-dekker.html?ondervloerlegwijze=1318&amp;product_list_limit=50&amp;serie=1616\" target=\"_blank\" rel=\"noopener\">dryback-uitvoering<\/a><\/strong>\u00a0leverbaar.<\/p>\n<p>De collectie bestaat uit verschillende formaten die alle zijn uitgevoerd in 4mv: riante planken (ruim 1,5 meter lang!), grote rechthoekige tegels (ca. 90 x 45 cm), verschillende formaten visgraat en hongaarse punten. Alle houtdecoren hebben een natuurgetrouwe structuur die exact meeloopt met het decor (embossed-in-register).<\/p>\n<p>De riante planken hebben tot wel 16 verschillende planken per decor, waardoor deze vloeren zeer natuurgetrouw ogen en met 4-zijdige minivellingkant een mooi en gevarieerd beeld geven.<\/p>\n<\/div>\n<\/div>\n","protected":false},"excerpt":{"rendered":"<p><a href=\"https:\/\/nextlevel-vloerenshop.nl\/wp-content\/uploads\/2024\/01\/07801_Riante_plank_cremebrulee.pdf\">07801_Riante_plank_cr\u00e8mebr\u00fbl\u00e9e<\/a><\/p>\n","protected":false},"featured_media":4377,"comment_status":"open","ping_status":"closed","template":"","meta":{"_acf_changed":false},"product_cat":[102,151,104,161,153,98],"product_tag":[106],"class_list":{"0":"post-3472","1":"product","2":"type-product","3":"status-publish","4":"has-post-thumbnail","6":"product_cat-douwes-dekker-vloeren","7":"product_cat-douwes-dekker-plak","8":"product_cat-douwes-dekker-pvc","9":"product_cat-dryback-plak-rechte-vloeren","10":"product_cat-dryback-pvc","11":"product_cat-pvc-vloeren","12":"product_tag-pvc","14":"first","15":"instock","16":"taxable","17":"shipping-taxable","18":"purchasable","19":"product-type-simple"},"acf":[],"_links":{"self":[{"href":"https:\/\/nextlevel-vloerenshop.nl\/en\/wp-json\/wp\/v2\/product\/3472"}],"collection":[{"href":"https:\/\/nextlevel-vloerenshop.nl\/en\/wp-json\/wp\/v2\/product"}],"about":[{"href":"https:\/\/nextlevel-vloerenshop.nl\/en\/wp-json\/wp\/v2\/types\/product"}],"replies":[{"embeddable":true,"href":"https:\/\/nextlevel-vloerenshop.nl\/en\/wp-json\/wp\/v2\/comments?post=3472"}],"wp:featuredmedia":[{"embeddable":true,"href":"https:\/\/nextlevel-vloerenshop.nl\/en\/wp-json\/wp\/v2\/media\/4377"}],"wp:attachment":[{"href":"https:\/\/nextlevel-vloerenshop.nl\/en\/wp-json\/wp\/v2\/media?parent=3472"}],"wp:term":[{"taxonomy":"product_cat","embeddable":true,"href":"https:\/\/nextlevel-vloerenshop.nl\/en\/wp-json\/wp\/v2\/product_cat?post=3472"},{"taxonomy":"product_tag","embeddable":true,"href":"https:\/\/nextlevel-vloerenshop.nl\/en\/wp-json\/wp\/v2\/product_tag?post=3472"}],"curies":[{"name":"wp","href":"https:\/\/api.w.org\/{rel}","templated":true}]}}